{"id":570,"date":"2019-11-18T14:02:57","date_gmt":"2019-11-18T14:02:57","guid":{"rendered":"https:\/\/banquet.qodeinteractive.com\/?page_id=570"},"modified":"2023-10-04T16:26:28","modified_gmt":"2023-10-04T14:26:28","slug":"traiteur-monaco-notre-laboratoire","status":"publish","type":"page","link":"https:\/\/www.arocagourmet.com\/en\/traiteur-monaco-notre-laboratoire\/","title":{"rendered":"Our Laboratory"},"content":{"rendered":"<div class=\"qodef-content-grid\"><div class=\"vc_row wpb_row vc_row-fluid qodef-margin-grid vc_custom_1696429586928 vc_row-has-fill vc_row-o-content-middle vc_row-flex qodef-content-alignment-center\"><div class=\"wpb_column vc_column_container vc_col-sm-12\"><div class=\"vc_column-inner vc_custom_1575457169942\"><div class=\"wpb_wrapper\"><h5 class=\"qodef-shortcode qodef-m  qodef-custom-font qodef-custom-font-9360 qodef-layout--simple\" style=\"color: #ffffff;font-size: 90px;line-height: 120px\">Our Production Laboratory<\/h5><\/div><\/div><\/div><\/div><\/div><div class=\"qodef-content-grid\"><div class=\"vc_row wpb_row vc_row-fluid vc_custom_1574088084277 vc_row-has-fill vc_row-o-content-middle vc_row-flex\"><div class=\"wpb_column vc_column_container vc_col-sm-12 vc_col-lg-6 vc_col-md-12 vc_col-has-fill\"><div class=\"vc_column-inner vc_custom_1577104680470\"><div class=\"wpb_wrapper\"><div class=\"qodef-shortcode qodef-m  qodef-section-title qodef-alignment--left\">\n\t\t<p class=\"qodef-m-subtitle\" >a roca gourmet<\/p>\n\t\t<h4 class=\"qodef-m-title\" >\n\t\t\t\t\tOur Production Laboratory\t\t\t<\/h4>\n\t<\/div><div class=\"vc_empty_space\"   style=\"height: 3px\"><span class=\"vc_empty_space_inner\"><\/span><\/div>\n\t<div class=\"wpb_text_column wpb_content_element\" >\n\t\t<div class=\"wpb_wrapper\">\n\t\t\t<p>\u201cOur production unit is located in the Fontvieille district. Thanks to its design and equipment, this facility fully meets the standards of a modern and efficient operation. Covering an area of 520 m\u00b2, it includes, among others, a cold preparation area, a hot preparation area, a dedicated pasta workshop, and a pastry workshop<\/p>\n\n\t\t<\/div>\n\t<\/div>\n<\/div><\/div><\/div><div class=\"wpb_column vc_column_container vc_col-sm-12 vc_col-lg-offset-0 vc_col-lg-6 vc_col-md-offset-0 vc_col-md-12\"><div class=\"vc_column-inner vc_custom_1577102660411\"><div class=\"wpb_wrapper\"><div class=\"qodef-shortcode qodef-m  qodef-stacked-images qodef-layout--default qodef-stack--bottom\">\n\t<div class=\"qodef-m-images\">\n\t\t<div class=\"qodef-e-main-image-holder\">\n\t\t\t<div class=\"qodef-e-main-image-zoom-holder\">\n\t\t\t\t\t\t\t<img loading=\"lazy\" decoding=\"async\" width=\"1000\" height=\"1111\" src=\"https:\/\/www.arocagourmet.com\/wp-content\/uploads\/2022\/07\/Sans-titre-2.png\" class=\"qodef-e-main-image\" alt=\"Traiteur &amp; Organisateur de R\u00e9ceptions \u00e0 Monaco \u00b7 Cocktail, buffets, plateaux repas, lunch box - Livraison - Click&amp;Collect\" srcset=\"https:\/\/www.arocagourmet.com\/wp-content\/uploads\/2022\/07\/Sans-titre-2.png 1000w, https:\/\/www.arocagourmet.com\/wp-content\/uploads\/2022\/07\/Sans-titre-2-270x300.png 270w, https:\/\/www.arocagourmet.com\/wp-content\/uploads\/2022\/07\/Sans-titre-2-922x1024.png 922w, https:\/\/www.arocagourmet.com\/wp-content\/uploads\/2022\/07\/Sans-titre-2-768x853.png 768w\" sizes=\"auto, (max-width: 1000px) 100vw, 1000px\" \/>\t\t\t\t\t\t<\/div>\n\t\t<\/div>\n\t\t\t\n\t<\/div>\n<\/div><\/div><\/div><\/div><\/div><\/div><div class=\"qodef-content-grid\"><div class=\"vc_row wpb_row vc_row-fluid vc_custom_1576673242451 vc_row-has-fill vc_row-o-content-middle vc_row-flex\"><div class=\"wpb_column vc_column_container vc_col-sm-12 vc_col-lg-6 vc_col-md-12 vc_col-has-fill\"><div class=\"vc_column-inner vc_custom_1577102666078\"><div class=\"wpb_wrapper\"><div class=\"qodef-shortcode qodef-m  qodef-stacked-images qodef-layout--default qodef-stack--bottom\">\n\t<div class=\"qodef-m-images\">\n\t\t<div class=\"qodef-e-main-image-holder\">\n\t\t\t<div class=\"qodef-e-main-image-zoom-holder\">\n\t\t\t\t\t\t\t<img loading=\"lazy\" decoding=\"async\" width=\"1000\" height=\"1111\" src=\"https:\/\/www.arocagourmet.com\/wp-content\/uploads\/2022\/09\/Sans-titre-2.png\" class=\"qodef-e-main-image\" alt=\"Traiteur &amp; Organisateur de R\u00e9ceptions \u00e0 Monaco \u00b7 Cocktail, buffets, plateaux repas, lunch box - Livraison - Click&amp;Collect\" srcset=\"https:\/\/www.arocagourmet.com\/wp-content\/uploads\/2022\/09\/Sans-titre-2.png 1000w, https:\/\/www.arocagourmet.com\/wp-content\/uploads\/2022\/09\/Sans-titre-2-270x300.png 270w, https:\/\/www.arocagourmet.com\/wp-content\/uploads\/2022\/09\/Sans-titre-2-922x1024.png 922w, https:\/\/www.arocagourmet.com\/wp-content\/uploads\/2022\/09\/Sans-titre-2-768x853.png 768w\" sizes=\"auto, (max-width: 1000px) 100vw, 1000px\" \/>\t\t\t\t\t\t<\/div>\n\t\t<\/div>\n\t\t\t\n\t<\/div>\n<\/div><\/div><\/div><\/div><div class=\"wpb_column vc_column_container vc_col-sm-12 vc_col-lg-offset-0 vc_col-lg-6 vc_col-md-12\"><div class=\"vc_column-inner vc_custom_1577105224206\"><div class=\"wpb_wrapper\"><div class=\"qodef-shortcode qodef-m  qodef-section-title qodef-alignment--left\">\n\t\t<p class=\"qodef-m-subtitle\" >a roca gourmet<\/p>\n\t\t<h4 class=\"qodef-m-title\" >\n\t\t\t\t\tA Professional Team\t\t\t<\/h4>\n\t<\/div><div class=\"vc_empty_space\"   style=\"height: 3px\"><span class=\"vc_empty_space_inner\"><\/span><\/div>\n\t<div class=\"wpb_text_column wpb_content_element\" >\n\t\t<div class=\"wpb_wrapper\">\n\t\t\t<p>Composed of a team of professionals, primarily recruited from the local labor pool, our production facility is equipped with a digital system for managing food traceability, coupled with a computerized temperature recording system. Controlling the entire production process to ensure complete food safety is our team\u2019s daily priority<\/p>\n\n\t\t<\/div>\n\t<\/div>\n<\/div><\/div><\/div><\/div><\/div>","protected":false},"excerpt":{"rendered":"Notre Laboratoire de production a roca gourmet Notre laboratoire de production Notre unit\u00e9 de production est implant\u00e9e dans le quartier de Fontvieille. Ce laboratoire, de par sa conception et ses \u00e9quipements, r\u00e9pond parfaitement aux exigences d\u2019un outil moderne et performant. D\u2019une superficie de 520 m2, cet outil dispose, entre autres, d\u2019un atelier de pr\u00e9paration froide, [...]","protected":false},"author":2,"featured_media":0,"parent":0,"menu_order":0,"comment_status":"closed","ping_status":"closed","template":"page-full-width.php","meta":{"footnotes":""},"class_list":["post-570","page","type-page","status-publish","hentry"],"_links":{"self":[{"href":"https:\/\/www.arocagourmet.com\/en\/wp-json\/wp\/v2\/pages\/570","targetHints":{"allow":["GET"]}}],"collection":[{"href":"https:\/\/www.arocagourmet.com\/en\/wp-json\/wp\/v2\/pages"}],"about":[{"href":"https:\/\/www.arocagourmet.com\/en\/wp-json\/wp\/v2\/types\/page"}],"author":[{"embeddable":true,"href":"https:\/\/www.arocagourmet.com\/en\/wp-json\/wp\/v2\/users\/2"}],"replies":[{"embeddable":true,"href":"https:\/\/www.arocagourmet.com\/en\/wp-json\/wp\/v2\/comments?post=570"}],"version-history":[{"count":21,"href":"https:\/\/www.arocagourmet.com\/en\/wp-json\/wp\/v2\/pages\/570\/revisions"}],"predecessor-version":[{"id":3182,"href":"https:\/\/www.arocagourmet.com\/en\/wp-json\/wp\/v2\/pages\/570\/revisions\/3182"}],"wp:attachment":[{"href":"https:\/\/www.arocagourmet.com\/en\/wp-json\/wp\/v2\/media?parent=570"}],"curies":[{"name":"wp","href":"https:\/\/api.w.org\/{rel}","templated":true}]}}